{"id":27,"date":"2019-11-13T03:23:22","date_gmt":"2019-11-13T03:23:22","guid":{"rendered":"https:\/\/themify.me\/demo\/themes\/ultra-construction\/?page_id=239"},"modified":"2021-07-23T20:35:40","modified_gmt":"2021-07-23T18:35:40","slug":"services-1","status":"publish","type":"page","link":"https:\/\/www.staklorezacsvilajnac.rs\/index.php\/services-1\/","title":{"rendered":"Servis"},"content":{"rendered":"<!--themify_builder_content-->\n<div id=\"themify_builder_content-27\" data-postid=\"27\" class=\"themify_builder_content themify_builder_content-27 themify_builder tf_clear\">\n    \t<!-- module_row -->\n\t<div  data-lazy=\"1\" class=\"module_row themify_builder_row fullcover tb_kybk555 tb_first tf_clearfix\" >\n\t    <div class=\"tf_abs builder_row_cover\"><\/div>\t\t<div class=\"row_inner col_align_top tf_box tf_w tf_rel\">\n\t\t\t<div  data-lazy=\"1\" class=\"module_column tb-column col3-2 first tb_x101555 tf_box\">\n\t    \t    \t        <div class=\"tb-column-inner tf_box tf_w\">\n\t\t    <!-- module text -->\n<div  class=\"module module-text tb_y9e4254   \" data-lazy=\"1\">\n            <div  class=\"tb_text_wrap\">\n    <h1>NA\u0160I USLUGE<\/h1>    <\/div>\n<\/div>\n<!-- \/module text --><!-- module text -->\n<div  class=\"module module-text tb_v9ci155   \" data-lazy=\"1\">\n            <div  class=\"tb_text_wrap\">\n    <h3>U svako doba, na usluzi je na\u0161 ljubazni tim koji \u0107e vam sa velikim zadovoljstvom odgovoriti na sva Va\u0161a pitanja i pru\u017eiti Vam maksimalnu, profesionalnu uslugu i informaciju. Tako\u0111e je na usluzi i na\u0161 prevoz stakla ukoliko niste u mogu\u0107nosti da to sami uradite.<\/h3>    <\/div>\n<\/div>\n<!-- \/module text -->\t        <\/div>\n\t    \t<\/div>\n\t\t<div  data-lazy=\"1\" class=\"module_column tb-column col3-1 last tb_2g0h556 tf_box\">\n\t    \t    \t<\/div>\n\t\t    <\/div>\n\t    <!-- \/row_inner -->\n\t<\/div>\n\t<!-- \/module_row -->\n\t\t<!-- module_row -->\n\t<div  data-lazy=\"1\" class=\"module_row themify_builder_row tb_chn8996 tf_clearfix\" >\n\t    \t\t<div class=\"row_inner col_align_top tf_box tf_w tf_rel\">\n\t\t\t<div  data-lazy=\"1\" class=\"module_column tb-column col-full first tb_ebnr997 tf_box\">\n\t    \t    \t        <div class=\"tb-column-inner tf_box tf_w\">\n\t\t    \t<div  data-lazy=\"1\" class=\"module_subrow themify_builder_sub_row tb_cbde385 tf_w tf_clearfix\">\n\t    \t\t<div class=\"subrow_inner col_align_top tf_box tf_w\"  data-basecol=\"3\" data-col_tablet=\"column3-1\" data-col_mobile=\"column-full\">\n\t\t\t<div  data-lazy=\"1\" class=\"sub_column module_column tf_box col3-1 first tb_j0uv388\" > \n\t    \t    \t        <div class=\"tb-column-inner tf_box tf_w\">\n\t\t    <!-- module image -->\n<div  class=\"module module-image tb_5pri389   image-center tf_mw\" data-lazy=\"1\">\n            <div class=\"image-wrap tf_rel tf_mw\">\n\t\t    <img loading=\"lazy\" decoding=\"async\" src=\"https:\/\/www.staklorezacsvilajnac.rs\/wp-content\/uploads\/2021\/07\/joakim-honkasalo-gKMxcHB3U3E-unsplash1-1024x671-358x258.jpg\" width=\"358\" height=\"258\" class=\"wp-post-image wp-image-222\" title=\"joakim-honkasalo-gKMxcHB3U3E-unsplash(1)\" alt=\"joakim-honkasalo-gKMxcHB3U3E-unsplash(1)\">\t\n\t\t<\/div>\n\t<!-- \/image-wrap -->\n    \n    \n<\/div>\n<!-- \/module image --><!-- module text -->\n<div  class=\"module module-text tb_vhcn390  repeat  tb_gs345da\" data-lazy=\"1\">\n            <div  class=\"tb_text_wrap\">\n    <h3>Se\u010denje svih vrsta I debljina stakla<\/h3>\n<p>Our award-winning team of architects tackle each project with passionate and creativity.<\/p>\n<h4>\u00a0<\/h4>    <\/div>\n<\/div>\n<!-- \/module text -->\t        <\/div>\n\t    \t<\/div>\n\t\t<div  data-lazy=\"1\" class=\"sub_column module_column tf_box col3-1 middle tb_aobz390\" > \n\t    \t    \t        <div class=\"tb-column-inner tf_box tf_w\">\n\t\t    <!-- module image -->\n<div  class=\"module module-image tb_yuml390   image-center tf_mw\" data-lazy=\"1\">\n            <div class=\"image-wrap tf_rel tf_mw\">\n\t\t    <img loading=\"lazy\" decoding=\"async\" src=\"https:\/\/www.staklorezacsvilajnac.rs\/wp-content\/uploads\/2021\/07\/coline-beulin-nHdTXaUSbM8-unsplash1-1024x683-358x258.jpg\" width=\"358\" height=\"258\" class=\"wp-post-image wp-image-127\" title=\"coline-beulin-nHdTXaUSbM8-unsplash(1)\" alt=\"coline-beulin-nHdTXaUSbM8-unsplash(1)\">\t\n\t\t<\/div>\n\t<!-- \/image-wrap -->\n    \n    \n<\/div>\n<!-- \/module image --><!-- module text -->\n<div  class=\"module module-text tb_y7qi391  repeat  tb_gs345da\" data-lazy=\"1\">\n            <div  class=\"tb_text_wrap\">\n    <h3>Niskoemisiono termo staklo punjeno argonom<\/h3>\n<p>Our contractors and construction team deliver results with precision and accuracy.<\/p>\n<h4>\u00a0<\/h4>    <\/div>\n<\/div>\n<!-- \/module text -->\t        <\/div>\n\t    \t<\/div>\n\t\t<div  data-lazy=\"1\" class=\"sub_column module_column tf_box col3-1 last tb_7n39391\" > \n\t    \t    \t        <div class=\"tb-column-inner tf_box tf_w\">\n\t\t    <!-- module image -->\n<div  class=\"module module-image tb_62rd391   image-center tf_mw\" data-lazy=\"1\">\n            <div class=\"image-wrap tf_rel tf_mw\">\n\t\t    <img loading=\"lazy\" decoding=\"async\" src=\"https:\/\/www.staklorezacsvilajnac.rs\/wp-content\/uploads\/2021\/07\/lisa-amann-34jpbzA1JXI-unsplash1-685x1024-358x258.jpg\" width=\"358\" height=\"258\" class=\"wp-post-image wp-image-128\" title=\"lisa-amann-34jpbzA1JXI-unsplash(1)\" alt=\"lisa-amann-34jpbzA1JXI-unsplash(1)\">\t\n\t\t<\/div>\n\t<!-- \/image-wrap -->\n    \n    \n<\/div>\n<!-- \/module image --><!-- module text -->\n<div  class=\"module module-text tb_8l1t391  repeat  tb_gs345da\" data-lazy=\"1\">\n            <div  class=\"tb_text_wrap\">\n    <h3>\u010cetiri godi\u0161nja doba stakla punjeno argonom<\/h3>\n<p>Trust our project managers to work with you 1-on-1, each step of the way.<\/p>\n<h4>\u00a0<\/h4>    <\/div>\n<\/div>\n<!-- \/module text -->\t        <\/div>\n\t    \t<\/div>\n\t\t    <\/div>\n\t<\/div><!-- \/themify_builder_sub_row -->\n\t\t<div  data-lazy=\"1\" class=\"module_subrow themify_builder_sub_row tb_5eoh461 tf_w tf_clearfix\">\n\t    \t\t<div class=\"subrow_inner col_align_top tf_box tf_w\"  data-basecol=\"3\" data-col_tablet=\"column3-1\" data-col_mobile=\"column-full\">\n\t\t\t<div  data-lazy=\"1\" class=\"sub_column module_column tf_box col3-1 first tb_be1q463\" > \n\t    \t    \t        <div class=\"tb-column-inner tf_box tf_w\">\n\t\t    <!-- module image -->\n<div  class=\"module module-image tb_375u463   image-center tf_mw\" data-lazy=\"1\">\n            <div class=\"image-wrap tf_rel tf_mw\">\n\t\t    <img loading=\"lazy\" decoding=\"async\" src=\"https:\/\/www.staklorezacsvilajnac.rs\/wp-content\/uploads\/2021\/07\/louis-charron-5p7dIHLzFiU-unsplash1-819x1024-358x258.jpg\" width=\"358\" height=\"258\" class=\"wp-post-image wp-image-151\" title=\"louis-charron-5p7dIHLzFiU-unsplash(1)\" alt=\"louis-charron-5p7dIHLzFiU-unsplash(1)\">\t\n\t\t<\/div>\n\t<!-- \/image-wrap -->\n    \n    \n<\/div>\n<!-- \/module image --><!-- module text -->\n<div  class=\"module module-text tb_jjd4464  repeat  tb_gs345da\" data-lazy=\"1\">\n            <div  class=\"tb_text_wrap\">\n    <h3>Stop soul stakla sa ili bez argona<\/h3>\n<p>Lorem ipsum dolor sit amet, consectetur adipiscing elit.<\/p>\n<h4>\u00a0<\/h4>    <\/div>\n<\/div>\n<!-- \/module text -->\t        <\/div>\n\t    \t<\/div>\n\t\t<div  data-lazy=\"1\" class=\"sub_column module_column tf_box col3-1 middle tb_otug464\" > \n\t    \t    \t        <div class=\"tb-column-inner tf_box tf_w\">\n\t\t    <!-- module image -->\n<div  class=\"module module-image tb_sczb464   image-center tf_mw\" data-lazy=\"1\">\n            <div class=\"image-wrap tf_rel tf_mw\">\n\t\t    <img loading=\"lazy\" decoding=\"async\" src=\"https:\/\/www.staklorezacsvilajnac.rs\/wp-content\/uploads\/2021\/07\/carl-newton-2C6kAtCXf6U-unsplash1-678x1024-358x258.jpg\" width=\"358\" height=\"258\" class=\"wp-post-image wp-image-153\" title=\"carl-newton-2C6kAtCXf6U-unsplash(1)\" alt=\"carl-newton-2C6kAtCXf6U-unsplash(1)\">\t\n\t\t<\/div>\n\t<!-- \/image-wrap -->\n    \n    \n<\/div>\n<!-- \/module image --><!-- module text -->\n<div  class=\"module module-text tb_wmtz465  repeat  tb_gs345da\" data-lazy=\"1\">\n            <div  class=\"tb_text_wrap\">\n    <h3>Termo mat stakla sa kombinacijom drugih stakala<\/h3>\n<p>Lorem ipsum dolor sit amet, consectetur adipiscing elit.<\/p>\n<h4>\u00a0<\/h4>    <\/div>\n<\/div>\n<!-- \/module text -->\t        <\/div>\n\t    \t<\/div>\n\t\t<div  data-lazy=\"1\" class=\"sub_column module_column tf_box col3-1 last tb_zy36465\" > \n\t    \t    \t        <div class=\"tb-column-inner tf_box tf_w\">\n\t\t    <!-- module image -->\n<div  class=\"module module-image tb_k11r466   image-center tf_mw\" data-lazy=\"1\">\n            <div class=\"image-wrap tf_rel tf_mw\">\n\t\t    <img loading=\"lazy\" decoding=\"async\" src=\"https:\/\/www.staklorezacsvilajnac.rs\/wp-content\/uploads\/2021\/07\/meritt-thomas-twYDU18G_Nk-unsplash1-768x1024-358x258.jpg\" width=\"358\" height=\"258\" class=\"wp-post-image wp-image-154\" title=\"meritt-thomas-twYDU18G_Nk-unsplash(1)\" alt=\"meritt-thomas-twYDU18G_Nk-unsplash(1)\">\t\n\t\t<\/div>\n\t<!-- \/image-wrap -->\n    \n    \n<\/div>\n<!-- \/module image --><!-- module text -->\n<div  class=\"module module-text tb_wiki466  repeat  tb_gs345da\" data-lazy=\"1\">\n            <div  class=\"tb_text_wrap\">\n    <h3>Pampleks termo sigurnosno staklo sa I bez argona<\/h3>\n<p>Lorem ipsum dolor sit amet, consectetur adipiscing elit.<\/p>\n<h4>\u00a0<\/h4>    <\/div>\n<\/div>\n<!-- \/module text -->\t        <\/div>\n\t    \t<\/div>\n\t\t    <\/div>\n\t<\/div><!-- \/themify_builder_sub_row -->\n\t\t        <\/div>\n\t    \t<\/div>\n\t\t    <\/div>\n\t    <!-- \/row_inner -->\n\t<\/div>\n\t<!-- \/module_row -->\n\t\t<!-- module_row -->\n\t<div  data-lazy=\"1\" class=\"module_row themify_builder_row tb_9mv3892 tf_clearfix\">\n\t    \t\t<div class=\"row_inner col_align_top tf_box tf_w tf_rel\">\n\t\t\t<div  data-lazy=\"1\" class=\"module_column tb-column col-full first tb_xept893 tf_box\">\n\t    \t    \t        <div class=\"tb-column-inner tf_box tf_w\">\n\t\t    <!-- module fancy heading -->\n<div  class=\"module module-fancy-heading tb_fpyu836 \" data-lazy=\"1\">\n        <h1 class=\"fancy-heading tf_textc\">\n    <span  class=\"main-head tf_block\">\n\t Uramljivanje slika    <\/span>\n    <span class=\"sub-head tf_block tf_rel\">\n\t    <\/span>\n\n    <\/h1>\n<\/div>\n<!-- \/module fancy heading -->\n<!-- module plain text -->\n<div  class=\"module module-plain-text tb_0avr733 \" data-lazy=\"1\">\n        <div class=\"tb_text_wrap\" >\n\t\nUmetni\u010dke slike oplemenjuju svaki prostor i \u010dine ga posebnim.\nIzbor rama je vrlo va\u017ean jer pravilnim izborom rama posti\u017ee se poja\u010dana impresija umetni\u010dke slike.\nNa\u0161 tim zaposlenih sa velikim zadovoljstvom savetova\u0107e vas pri izboru rama vode\u0107i ra\u010duna da izbor bude pravi ali i u duhu va\u0161e \u017eelje i ukusa.\nSa \u017eeljom da odgovorimo na ukus svih na\u0161ih klijenata obezbedili smo izbor od preko 150 profila ramova za slike.\nItalijanski i \u0161panski dizajn kao prepoznatljiv i vode\u0107i u svetu umetnosti klju\u010dni je deo na\u0161eg ekskluzivnog asortimana lajsni.\n    <\/div>\n<\/div>\n<!-- \/module plain text -->\t        <\/div>\n\t    \t<\/div>\n\t\t    <\/div>\n\t    <!-- \/row_inner -->\n\t<\/div>\n\t<!-- \/module_row -->\n\t\t<!-- module_row -->\n\t<div  data-lazy=\"1\" class=\"module_row themify_builder_row tb_zque841 tf_clearfix\">\n\t    \t\t<div class=\"row_inner col_align_top tf_box tf_w tf_rel\">\n\t\t\t<div  data-lazy=\"1\" class=\"module_column tb-column col-full first tb_e9qo841 tf_box\">\n\t    \t    \t        <div class=\"tb-column-inner tf_box tf_w\">\n\t\t    <!-- module fancy heading -->\n<div  class=\"module module-fancy-heading tb_3z2b859 \" data-lazy=\"1\">\n        <h1 class=\"fancy-heading tf_textc\">\n    <span  class=\"main-head tf_block\">\n\tVrste usluga:    <\/span>\n    <span class=\"sub-head tf_block tf_rel\">\n\t    <\/span>\n\n    <\/h1>\n<\/div>\n<!-- \/module fancy heading -->\n<!-- module plain text -->\n<div  class=\"module module-plain-text tb_57mc508 \" data-lazy=\"1\">\n        <div class=\"tb_text_wrap\" >\n\tSe\u010denje svih oblika stakla\n<br>\nBru\u0161enje stakla za stolove, krila za vitrine od stakla\n<br>\nBu\u0161enje rupa u staklu\n<br>\nIzrada tu\u0161 kabina od stakla po meri\n<br>\nSe\u010denje i obrada stakla za kuhinje sa pozadinom po zelji kupca\n<br>\nIzrada akvarijuma po odre\u0111enoj meri i litrazi\n<br>\nIzrada staklenih ukrasa za groblje\n<br>\nUramljivanje slika, goblena, ogledala sa velikim izborom lajsni\n<br>\nSe\u010denje retrovizora\n<br>\nSe\u010denje sigurnosnog ravnog stakla za traktore, bagere i ostale poljo ma\u0161ine\n<br>\nIzrada i montaza izloga svih veli\u010dina\n<br>\nPostoji I mogu\u0107nost ugradnja ukrasnih lajsni, rombova, kocki u termo staklu    <\/div>\n<\/div>\n<!-- \/module plain text -->\t        <\/div>\n\t    \t<\/div>\n\t\t    <\/div>\n\t    <!-- \/row_inner -->\n\t<\/div>\n\t<!-- \/module_row -->\n\t<\/div>\n<!--\/themify_builder_content-->","protected":false},"excerpt":{"rendered":"<p>NA\u0160I USLUGE<\/p>\n","protected":false},"author":1,"featured_media":0,"parent":0,"menu_order":0,"comment_status":"closed","ping_status":"closed","template":"","meta":{"footnotes":""},"class_list":["post-27","page","type-page","status-publish","hentry","has-post-title","has-post-date","has-post-category","has-post-tag","has-post-comment","has-post-author",""],"builder_content":"<h1>NA\u0160I USLUGE<\/h1>\n<h3>U svako doba, na usluzi je na\u0161 ljubazni tim koji \u0107e vam sa velikim zadovoljstvom odgovoriti na sva Va\u0161a pitanja i pru\u017eiti Vam maksimalnu, profesionalnu uslugu i informaciju. Tako\u0111e je na usluzi i na\u0161 prevoz stakla ukoliko niste u mogu\u0107nosti da to sami uradite.<\/h3>\n<img loading=\"lazy\" decoding=\"async\" src=\"https:\/\/www.staklorezacsvilajnac.rs\/wp-content\/uploads\/2021\/07\/joakim-honkasalo-gKMxcHB3U3E-unsplash1-1024x671-358x258.jpg\" width=\"358\" height=\"258\" title=\"joakim-honkasalo-gKMxcHB3U3E-unsplash(1)\" alt=\"joakim-honkasalo-gKMxcHB3U3E-unsplash(1)\">\n<h3>Se\u010denje svih vrsta I debljina stakla<\/h3> <p>Our award-winning team of architects tackle each project with passionate and creativity.<\/p> <h4>\u00a0<\/h4>\n<img loading=\"lazy\" decoding=\"async\" src=\"https:\/\/www.staklorezacsvilajnac.rs\/wp-content\/uploads\/2021\/07\/coline-beulin-nHdTXaUSbM8-unsplash1-1024x683-358x258.jpg\" width=\"358\" height=\"258\" title=\"coline-beulin-nHdTXaUSbM8-unsplash(1)\" alt=\"coline-beulin-nHdTXaUSbM8-unsplash(1)\">\n<h3>Niskoemisiono termo staklo punjeno argonom<\/h3> <p>Our contractors and construction team deliver results with precision and accuracy.<\/p> <h4>\u00a0<\/h4>\n<img loading=\"lazy\" decoding=\"async\" src=\"https:\/\/www.staklorezacsvilajnac.rs\/wp-content\/uploads\/2021\/07\/lisa-amann-34jpbzA1JXI-unsplash1-685x1024-358x258.jpg\" width=\"358\" height=\"258\" title=\"lisa-amann-34jpbzA1JXI-unsplash(1)\" alt=\"lisa-amann-34jpbzA1JXI-unsplash(1)\">\n<h3>\u010cetiri godi\u0161nja doba stakla punjeno argonom<\/h3> <p>Trust our project managers to work with you 1-on-1, each step of the way.<\/p> <h4>\u00a0<\/h4>\n<img loading=\"lazy\" decoding=\"async\" src=\"https:\/\/www.staklorezacsvilajnac.rs\/wp-content\/uploads\/2021\/07\/louis-charron-5p7dIHLzFiU-unsplash1-819x1024-358x258.jpg\" width=\"358\" height=\"258\" title=\"louis-charron-5p7dIHLzFiU-unsplash(1)\" alt=\"louis-charron-5p7dIHLzFiU-unsplash(1)\">\n<h3>Stop soul stakla sa ili bez argona<\/h3> <p>Lorem ipsum dolor sit amet, consectetur adipiscing elit.<\/p> <h4>\u00a0<\/h4>\n<img loading=\"lazy\" decoding=\"async\" src=\"https:\/\/www.staklorezacsvilajnac.rs\/wp-content\/uploads\/2021\/07\/carl-newton-2C6kAtCXf6U-unsplash1-678x1024-358x258.jpg\" width=\"358\" height=\"258\" title=\"carl-newton-2C6kAtCXf6U-unsplash(1)\" alt=\"carl-newton-2C6kAtCXf6U-unsplash(1)\">\n<h3>Termo mat stakla sa kombinacijom drugih stakala<\/h3> <p>Lorem ipsum dolor sit amet, consectetur adipiscing elit.<\/p> <h4>\u00a0<\/h4>\n<img loading=\"lazy\" decoding=\"async\" src=\"https:\/\/www.staklorezacsvilajnac.rs\/wp-content\/uploads\/2021\/07\/meritt-thomas-twYDU18G_Nk-unsplash1-768x1024-358x258.jpg\" width=\"358\" height=\"258\" title=\"meritt-thomas-twYDU18G_Nk-unsplash(1)\" alt=\"meritt-thomas-twYDU18G_Nk-unsplash(1)\">\n<h3>Pampleks termo sigurnosno staklo sa I bez argona<\/h3> <p>Lorem ipsum dolor sit amet, consectetur adipiscing elit.<\/p> <h4>\u00a0<\/h4>\n<h1> Uramljivanje slika<br\/><\/h1>\nUmetni\u010dke slike oplemenjuju svaki prostor i \u010dine ga posebnim. Izbor rama je vrlo va\u017ean jer pravilnim izborom rama posti\u017ee se poja\u010dana impresija umetni\u010dke slike. Na\u0161 tim zaposlenih sa velikim zadovoljstvom savetova\u0107e vas pri izboru rama vode\u0107i ra\u010duna da izbor bude pravi ali i u duhu va\u0161e \u017eelje i ukusa. Sa \u017eeljom da odgovorimo na ukus svih na\u0161ih klijenata obezbedili smo izbor od preko 150 profila ramova za slike. Italijanski i \u0161panski dizajn kao prepoznatljiv i vode\u0107i u svetu umetnosti klju\u010dni je deo na\u0161eg ekskluzivnog asortimana lajsni.\n<h1>Vrste usluga:<br\/><\/h1>\nSe\u010denje svih oblika stakla <br> Bru\u0161enje stakla za stolove, krila za vitrine od stakla <br> Bu\u0161enje rupa u staklu <br> Izrada tu\u0161 kabina od stakla po meri <br> Se\u010denje i obrada stakla za kuhinje sa pozadinom po zelji kupca <br> Izrada akvarijuma po odre\u0111enoj meri i litrazi <br> Izrada staklenih ukrasa za groblje <br> Uramljivanje slika, goblena, ogledala sa velikim izborom lajsni <br> Se\u010denje retrovizora <br> Se\u010denje sigurnosnog ravnog stakla za traktore, bagere i ostale poljo ma\u0161ine <br> Izrada i montaza izloga svih veli\u010dina <br> Postoji I mogu\u0107nost ugradnja ukrasnih lajsni, rombova, kocki u termo staklu","_links":{"self":[{"href":"https:\/\/www.staklorezacsvilajnac.rs\/index.php\/wp-json\/wp\/v2\/pages\/27","targetHints":{"allow":["GET"]}}],"collection":[{"href":"https:\/\/www.staklorezacsvilajnac.rs\/index.php\/wp-json\/wp\/v2\/pages"}],"about":[{"href":"https:\/\/www.staklorezacsvilajnac.rs\/index.php\/wp-json\/wp\/v2\/types\/page"}],"author":[{"embeddable":true,"href":"https:\/\/www.staklorezacsvilajnac.rs\/index.php\/wp-json\/wp\/v2\/users\/1"}],"replies":[{"embeddable":true,"href":"https:\/\/www.staklorezacsvilajnac.rs\/index.php\/wp-json\/wp\/v2\/comments?post=27"}],"version-history":[{"count":22,"href":"https:\/\/www.staklorezacsvilajnac.rs\/index.php\/wp-json\/wp\/v2\/pages\/27\/revisions"}],"predecessor-version":[{"id":227,"href":"https:\/\/www.staklorezacsvilajnac.rs\/index.php\/wp-json\/wp\/v2\/pages\/27\/revisions\/227"}],"wp:attachment":[{"href":"https:\/\/www.staklorezacsvilajnac.rs\/index.php\/wp-json\/wp\/v2\/media?parent=27"}],"curies":[{"name":"wp","href":"https:\/\/api.w.org\/{rel}","templated":true}]}}